{"id":489,"date":"2021-01-09T11:56:51","date_gmt":"2021-01-09T03:56:51","guid":{"rendered":"https:\/\/wendysite.com\/LearnTaiwanese\/?page_id=489"},"modified":"2024-01-24T09:22:57","modified_gmt":"2024-01-24T01:22:57","slug":"body-vocabulary","status":"publish","type":"page","link":"https:\/\/wendysite.com\/LearnTaiwanese\/body-vocabulary\/","title":{"rendered":"body  vocabulary"},"content":{"rendered":"\n<h2 class=\"wp-block-heading has-text-align-center\" style=\"font-size:26px\">English translation into Chinese and Taiwanese<\/h2>\n\n\n\n<hr class=\"wp-block-separator has-css-opacity\"\/>\n\n\n\n<h1>&nbsp;<\/h1>\n\n\n\n<div class=\"wp-block-group\"><div class=\"wp-block-group__inner-container is-layout-flow wp-block-group-is-layout-flow\">\n<p><span style=\"font-size: 24px;\">\u00a0 \u00a0 \u00a0<\/span><\/p>\n<table style=\"border-collapse: collapse; width: 141.469%; height: 17px;\">\n<tbody>\n<tr>\n<td style=\"width: 18.5237%; text-align: center;\"><span style=\"font-size: 28px;\"><span style=\"font-family: 'arial black', sans-serif;\"><strong>English\u00a0<\/strong><\/span><\/span><\/td>\n<td style=\"width: 35.0258%; text-align: center;\"><span style=\"font-size: 28px; font-family: 'arial black', sans-serif;\">\u00a0Mandarin\u00a0\u00a0<\/span><\/td>\n<td style=\"width: 47.0146%; text-align: center;\"><span style=\"font-size: 28px; font-family: 'arial black', sans-serif;\">\u00a0 \u00a0 \u00a0 \u00a0 \u00a0<strong>Taiwanese<\/strong><\/span><\/td>\n<\/tr>\n<\/tbody>\n<\/table>\n<table style=\"border-collapse: collapse; width: 141.27%; height: 458px;\">\n<tbody>\n<tr style=\"height: 105px;\">\n<td style=\"width: 131.424px; height: 105px; text-align: center;\"><span style=\"font-size: 16px; font-family: arial, helvetica, sans-serif;\">body\u00a0 <\/span><\/td>\n<td style=\"width: 248.701px; height: 105px; text-align: center;\">\n<p><span style=\"font-size: 20px; font-family: arial, helvetica, sans-serif;\">\u00a0 \u8eab\u9ad4<\/span><\/p>\n<p><span style=\"font-size: 20px; font-family: arial, helvetica, sans-serif;\"><strong>\u3115\u3123\u00a0 \u00a0\u310a\u3127\u02c7\u00a0\u00a0 \u00a0\u00a0<\/strong><\/span><\/p>\n<\/td>\n<td style=\"width: 330.875px; height: 105px; text-align: center;\">\n<p><span style=\"font-size: 20px; font-family: arial, helvetica, sans-serif;\">\u00a0\u8eab\u8ec0<\/span><\/p>\n<p><span style=\"font-size: 16px; font-family: arial, helvetica, sans-serif;\">\u00a0 \u00a0sin-khu<\/span><\/p>\n<\/td>\n<\/tr>\n<tr style=\"height: 105px;\">\n<td style=\"width: 131.424px; height: 105px; text-align: center;\"><span style=\"font-size: 16px;\"><span style=\"font-family: arial, helvetica, sans-serif;\">eye\u00a0<\/span> \u00a0 \u00a0<\/span><\/td>\n<td style=\"width: 248.701px; height: 105px; text-align: center;\">\n<p><span style=\"font-size: 20px;\"><span style=\"font-family: arial, helvetica, sans-serif;\"> \u773c\u775b<\/span><\/span><\/p>\n<p><span style=\"font-size: 20px;\"><span style=\"font-family: arial, helvetica, sans-serif;\"><span class=\"zinspc1\">\u00a0 \u00a0 <span style=\"font-size: 20px; font-family: arial, helvetica, sans-serif;\"><strong>\u3127<\/strong><\/span><\/span>\u3122<sup class=\"subfont\">\u02c7\u00a0 <\/sup>\u3110<span style=\"font-size: 20px; font-family: arial, helvetica, sans-serif;\"><strong>\u3127<\/strong><\/span>\u3125\u00a0<\/span> \u00a0\u00a0 \u00a0 \u00a0 \u00a0 \u00a0<span style=\"font-family: arial, helvetica, sans-serif;\">\u00a0 \u00a0\u00a0<\/span><\/span><\/p>\n<\/td>\n<td style=\"width: 330.875px; height: 105px; text-align: center;\">\n<p><span style=\"font-size: 20px;\"> \u00a0\u76ee\u776d\u00a0<\/span><\/p>\n<p><span style=\"font-size: 16px;\"><span style=\"font-family: arial, helvetica, sans-serif;\">ba\u030dk-tsiu<\/span> \u00a0 <\/span><\/p>\n<\/td>\n<\/tr>\n<tr style=\"height: 105px;\">\n<td style=\"width: 131.424px; height: 105px; text-align: center;\"><span style=\"font-size: 16px;\"><span style=\"font-family: arial, helvetica, sans-serif;\">eyeball \u00a0<\/span><\/span><\/td>\n<td style=\"width: 248.701px; height: 105px; text-align: center;\">\n<p><span style=\"font-size: 20px;\"><span style=\"font-family: tahoma, arial, helvetica, sans-serif;\">\u773c\u73e0\u00a0<\/span><\/span><\/p>\n<p><span style=\"font-size: 20px;\"><span style=\"font-family: arial, helvetica, sans-serif;\"><span style=\"font-size: 20px; font-family: arial, helvetica, sans-serif;\"><strong>\u3127<\/strong><\/span>\u3122<sup class=\"subfont\">\u02c7\u00a0 <\/sup><\/span>\u3113\u3128\u00a0 <\/span><\/p>\n<\/td>\n<td style=\"width: 330.875px; height: 105px; text-align: center;\">\n<p><span style=\"font-size: 20px;\"><span style=\"font-family: tahoma, arial, helvetica, sans-serif;\">\u76ee\u776d\u4ec1<\/span><\/span><\/p>\n<p><span style=\"font-size: 20px;\"><span style=\"font-family: tahoma, arial, helvetica, sans-serif;\"><span style=\"font-family: arial, helvetica, sans-serif; font-size: 16px;\"> ba\u030dk-tsiu-j\u00een <\/span>\u00a0 <\/span><\/span><\/p>\n<\/td>\n<\/tr>\n<tr style=\"height: 21px;\">\n<td style=\"width: 131.424px; height: 21px; text-align: center;\"><span style=\"font-family: arial, helvetica, sans-serif; font-size: 16px;\">head\u00a0 \u00a0 <\/span><\/td>\n<td style=\"width: 248.701px; height: 21px; text-align: center;\">\n<p><span style=\"font-family: arial, helvetica, sans-serif; font-size: 16px;\">\u982d<\/span><\/p>\n<p><span style=\"font-size: 16px; font-family: arial, helvetica, sans-serif;\">\u310a\u3121<sup class=\"subfont\">\u02ca<\/sup>\u00a0<\/span><\/p>\n<\/td>\n<td style=\"width: 330.875px; height: 21px; text-align: center;\">\n<p><span style=\"font-family: arial, helvetica, sans-serif; font-size: 16px;\">\u982d<\/span><\/p>\n<p><span style=\"font-size: 16px; font-family: arial, helvetica, sans-serif;\">th\u00e2u<\/span><\/p>\n<\/td>\n<\/tr>\n<tr style=\"height: 21px;\">\n<td style=\"width: 131.424px; height: 21px; text-align: center;\"><span style=\"font-size: 16px; font-family: arial, helvetica, sans-serif;\">hair\u00a0 \u00a0 <\/span><\/td>\n<td style=\"width: 248.701px; height: 21px; text-align: center;\">\n<p><span style=\"font-family: arial, helvetica, sans-serif; font-size: 20px;\">\u982d\u9aee<\/span><\/p>\n<p><span style=\"font-size: 20px;\">\u00a0\u310a\u3121<sup class=\"subfont\">\u02ca<\/sup>\u3000\u3108\u311a<\/span><\/p>\n<\/td>\n<td style=\"width: 330.875px; height: 21px; text-align: center;\">\n<p><span style=\"font-family: arial, helvetica, sans-serif; font-size: 20px;\">\u982d\u6bdb \/ \u982d\u9b03<\/span><\/p>\n<p><span style=\"font-size: 16px;\">th\u00e2u-mn\u0302g \/ th\u00e2u-tsang\u00a0 \u00a0<\/span><\/p>\n<\/td>\n<\/tr>\n<tr style=\"height: 21px;\">\n<td style=\"width: 131.424px; height: 21px; text-align: center;\"><span style=\"font-family: arial, helvetica, sans-serif; font-size: 16px;\">nose\u00a0<\/span><\/td>\n<td style=\"width: 248.701px; height: 21px; text-align: center;\">\n<p><span style=\"font-size: 20px; font-family: arial, helvetica, sans-serif;\">\u9f3b\u5b50<\/span><\/p>\n<p><span style=\"font-size: 20px;\">\u3105<span style=\"font-size: 20px; font-family: arial, helvetica, sans-serif;\"><strong>\u3127<\/strong><\/span><span style=\"font-family: arial, helvetica, sans-serif;\">\u02ca\u00a0 \u02d9\u3117<\/span><\/span><\/p>\n<\/td>\n<td style=\"width: 330.875px; height: 21px; text-align: center;\">\n<p><span style=\"font-family: arial, helvetica, sans-serif; font-size: 20px;\">\u9f3b\u4ed4<span style=\"font-family: arial, helvetica, sans-serif;\">\u00a0<\/span><\/span><\/p>\n<p><span style=\"font-family: arial, helvetica, sans-serif; font-size: 16px;\"><span style=\"font-family: arial, helvetica, sans-serif;\">ph\u012bnn-\u00e1<\/span><\/span><\/p>\n<\/td>\n<\/tr>\n<tr style=\"height: 21px;\">\n<td style=\"width: 131.424px; height: 17px; text-align: center;\"><span style=\"font-family: arial, helvetica, sans-serif; font-size: 16px;\">ear<\/span><\/td>\n<td style=\"width: 248.701px; height: 17px; text-align: center;\">\n<p><span style=\"font-family: arial, helvetica, sans-serif; font-size: 20px;\">\u8033\u6735<\/span><\/p>\n<p><span style=\"font-family: arial, helvetica, sans-serif; font-size: 20px;\">\u3126<sup class=\"subfont\">\u02c7<\/sup>\u3000\u3109\u3128\u311b<\/span><\/p>\n<\/td>\n<td style=\"width: 330.875px; height: 17px; text-align: center;\">\n<p><span style=\"font-size: 20px;\">\u6735\u4ed4 \/ \u6735\u5b54 (\u6735\u7a7a)<\/span><\/p>\n<p><span style=\"font-size: 16px; font-family: arial, helvetica, sans-serif;\">h\u012bnn-\u00e1 \/ h\u012bnn-khang<\/span><\/p>\n<\/td>\n<\/tr>\n<tr style=\"height: 21px;\">\n<td style=\"width: 131.424px; height: 21px; text-align: center;\"><span style=\"font-size: 16px;\">ose hair<\/span><\/td>\n<td style=\"width: 248.701px; height: 21px; text-align: center;\">\n<p><span style=\"font-size: 20px;\">\u9f3b\u6bdb<\/span><\/p>\n<p><span style=\"font-size: 20px;\">\u3105<span style=\"font-size: 20px; font-family: arial, helvetica, sans-serif;\"><strong>\u3127<\/strong><\/span><span style=\"font-family: arial, helvetica, sans-serif;\">\u02ca\u00a0 \u00a0\u3107\u3120\u02ca<\/span><\/span><\/p>\n<\/td>\n<td style=\"width: 330.875px; height: 21px; text-align: center;\">\n<p><span style=\"font-family: arial, helvetica, sans-serif; font-size: 20px;\"><span style=\"font-family: arial, helvetica, sans-serif;\">\u9f3b\u6bdb<\/span><\/span><\/p>\n<p><span style=\"font-family: arial, helvetica, sans-serif; font-size: 16px;\"><span style=\"font-family: arial, helvetica, sans-serif;\">ph\u012bnn-mn\u0302g<\/span><\/span><\/p>\n<\/td>\n<\/tr>\n<tr style=\"height: 21px;\">\n<td style=\"width: 131.424px; height: 21px; text-align: center;\"><span style=\"font-family: arial, helvetica, sans-serif; font-size: 16px;\">mouth<\/span><\/td>\n<td style=\"width: 248.701px; height: 21px; text-align: center;\">\n<p><span style=\"font-size: 20px;\">\u5634<\/span><\/p>\n<p><span style=\"font-size: 20px;\">\u3117\u3128\u311f<sup class=\"subfont\">\u02c7<\/sup><\/span><\/p>\n<\/td>\n<td style=\"width: 330.875px; height: 21px; text-align: center;\">\n<p><span style=\"font-size: 20px; font-family: arial, helvetica, sans-serif;\">\u5599<\/span><\/p>\n<p><span style=\"font-family: arial, helvetica, sans-serif; font-size: 16px;\">tshu\u00ec<\/span><\/p>\n<\/td>\n<\/tr>\n<tr style=\"height: 21px;\">\n<td style=\"width: 131.424px; height: 21px; text-align: center;\"><span style=\"font-size: 16px; font-family: arial, helvetica, sans-serif;\">teeth<\/span><\/td>\n<td style=\"width: 248.701px; height: 21px; text-align: center;\"><span style=\"font-size: 20px; font-family: arial, helvetica, sans-serif;\">\u7259\u9f52<\/span>\n<p><span style=\"font-size: 20px;\"><span style=\"font-size: 20px; font-family: arial, helvetica, sans-serif;\"><strong>\u3127<\/strong><\/span>\u311a<sup class=\"subfont\">\u02ca<\/sup>\u3000\u3114<sup class=\"subfont\">\u02c7<\/sup><\/span><\/p>\n<\/td>\n<td style=\"width: 330.875px; height: 21px; text-align: center;\">\n<p><span style=\"font-size: 16px; font-family: arial, helvetica, sans-serif;\">\u5599\u9f52<\/span><\/p>\n<p><span style=\"font-size: 16px; font-family: arial, helvetica, sans-serif;\">tshu\u00ec-kh\u00ed<\/span><\/p>\n<\/td>\n<\/tr>\n<\/tbody>\n<\/table>\n<table style=\"border-collapse: collapse; width: 141.467%; height: 319px;\">\n<tbody>\n<tr style=\"height: 24px;\">\n<td style=\"width: 18.747%; height: 24px; text-align: center;\"><span style=\"font-family: arial, helvetica, sans-serif; font-size: 16px;\">tooth<\/span><\/td>\n<td style=\"width: 35.0164%; height: 24px; text-align: center;\">\n<p><span style=\"font-size: 16px; font-family: arial, helvetica, sans-serif;\">\u7259<\/span><\/p>\n<p><span style=\"font-size: 16px; font-family: arial, helvetica, sans-serif;\"><strong>\u3127<\/strong>\u311a<sup class=\"subfont\">\u02ca<\/sup>\u3000<\/span><\/p>\n<\/td>\n<td style=\"width: 87.7048%; height: 24px; text-align: center;\">\n<p><span style=\"font-family: arial, helvetica, sans-serif; font-size: 16px;\">\u7259<\/span><\/p>\n<p><span style=\"font-family: arial, helvetica, sans-serif; font-size: 16px;\">g\u00ea<\/span><\/p>\n<\/td>\n<\/tr>\n<tr style=\"height: 21px;\">\n<td style=\"width: 18.747%; height: 21px; text-align: center;\"><span style=\"font-family: arial, helvetica, sans-serif; font-size: 16px;\">gums<\/span><\/td>\n<td style=\"width: 35.0164%; height: 21px; text-align: center;\">\n<p><span style=\"font-family: arial, helvetica, sans-serif; font-size: 16px;\">\u7259\u9f66<\/span><\/p>\n<p><span style=\"font-size: 16px; font-family: arial, helvetica, sans-serif;\"><strong>\u3127<\/strong>\u311a<sup class=\"subfont\">\u02ca<\/sup>\u3000<\/span><\/p>\n<\/td>\n<td style=\"width: 87.7048%; height: 21px; text-align: center;\">\n<p><span style=\"font-size: 16px; font-family: arial, helvetica, sans-serif;\">\u5599\u9f52\u5cb8 \/ \u9f52\u5cb8\/\u7259\u69fd<\/span><\/p>\n<p><span style=\"font-size: 16px; font-family: arial, helvetica, sans-serif;\">tshu\u00ec-kh\u00ed-hu\u0101nn\/kh\u00ed-hu\u0101n\/g\u00ea-ts\u00f4<\/span><\/p>\n<\/td>\n<\/tr>\n<tr style=\"height: 21px;\">\n<td style=\"width: 18.747%; height: 20px; text-align: center;\"><span style=\"font-family: arial, helvetica, sans-serif; font-size: 16px;\">eyelash<\/span><\/td>\n<td style=\"width: 35.0164%; height: 20px; text-align: center;\">\n<p><span style=\"font-size: 16px; font-family: arial, helvetica, sans-serif;\">\u773c\u6377\u6bdb\/ \u6377\u6bdb<\/span><\/p>\n<p><span style=\"font-size: 16px; font-family: arial, helvetica, sans-serif;\"> <span class=\"zinspc1\"><strong>\u3127<\/strong><\/span>\u3122<sup class=\"subfont\">\u02c7\u00a0\u00a0<\/sup>\u3110\u3127\u311d\u02ca \u3107\u3120\u02ca \/\u3110\u3127\u311d\u02ca \u3107\u3120\u02ca<\/span><\/p>\n<\/td>\n<td style=\"width: 87.7048%; height: 20px; text-align: center;\">\n<p><span style=\"font-family: arial, helvetica, sans-serif; font-size: 16px;\">\u76ee\u776b\u6bdb\/\u76ee\u776d\u6bdb<\/span><\/p>\n<p><span style=\"font-family: arial, helvetica, sans-serif; font-size: 16px;\">ba\u030dk-tsiah-mn\u0302g \/<\/span><span style=\"font-size: 16px;\"><span style=\"font-family: arial, helvetica, sans-serif;\">ba\u030dk-tsiu <\/span>\u00a0<\/span><\/p>\n<\/td>\n<\/tr>\n<tr style=\"height: 21px;\">\n<td style=\"width: 18.747%; height: 21px; text-align: center;\"><span style=\"font-family: arial, helvetica, sans-serif; font-size: 16px;\">face\u00a0\u00a0<\/span><\/td>\n<td style=\"width: 35.0164%; height: 21px; text-align: center;\"><span style=\"font-size: 16px; font-family: arial, helvetica, sans-serif;\">\u81c9<\/span><\/td>\n<td style=\"width: 87.7048%; height: 21px; text-align: center;\">\n<p><span style=\"font-family: arial, helvetica, sans-serif; font-size: 16px;\">\u9762<\/span><\/p>\n<p>\u00a0<\/p>\n<\/td>\n<\/tr>\n<tr style=\"height: 21px;\">\n<td style=\"width: 18.747%; height: 21px; text-align: center;\"><span style=\"font-family: arial, helvetica, sans-serif; font-size: 16px;\">neck<\/span><\/td>\n<td style=\"width: 35.0164%; height: 21px; text-align: center;\"><span style=\"font-size: 16px; font-family: arial, helvetica, sans-serif;\">\u8116\u5b50<\/span><\/td>\n<td style=\"width: 87.7048%; height: 21px; text-align: center;\">\u00a0<\/td>\n<\/tr>\n<tr style=\"height: 21px;\">\n<td style=\"width: 18.747%; height: 21px; text-align: center;\"><span style=\"font-family: arial, helvetica, sans-serif; font-size: 16px;\">arm<\/span><\/td>\n<td style=\"width: 35.0164%; height: 21px; text-align: center;\"><span style=\"font-size: 16px; font-family: arial, helvetica, sans-serif;\">\u624b\u81c2\/\u81c2\u8180<\/span><\/td>\n<td style=\"width: 87.7048%; height: 21px; text-align: center;\">\u00a0<\/td>\n<\/tr>\n<tr style=\"height: 21px;\">\n<td style=\"width: 18.747%; height: 23px; text-align: center;\"><span style=\"font-family: arial, helvetica, sans-serif; font-size: 16px;\">arm<\/span><\/td>\n<td style=\"width: 35.0164%; height: 23px; text-align: center;\"><span style=\"font-family: arial, helvetica, sans-serif; font-size: 16px;\">\u80f3\u818a<\/span><\/td>\n<td style=\"width: 87.7048%; height: 23px; text-align: center;\">\u00a0<\/td>\n<\/tr>\n<tr style=\"height: 21px;\">\n<td style=\"width: 18.747%; height: 21px; text-align: center;\"><span style=\"font-family: arial, helvetica, sans-serif;\">chin<\/span><\/td>\n<td style=\"width: 35.0164%; height: 21px; text-align: center;\"><span style=\"font-family: arial, helvetica, sans-serif; font-size: 16px;\">\u00a0\u4e0b\u5df4\/\u4e0b\u988f\/\u4e0b\u6597<\/span><\/td>\n<td style=\"width: 87.7048%; height: 21px; text-align: center;\">\n<p><span style=\"font-family: arial, helvetica, sans-serif; font-size: 16px;\">\u4e0b\u988f\/\u4e0b\u6597<\/span><\/p>\n<p>\u0113-h\u00e2i \/\u0113-t\u00e1u<\/p>\n<\/td>\n<\/tr>\n<tr style=\"height: 21px;\">\n<td style=\"width: 18.747%; height: 21px; text-align: center;\">beard<\/td>\n<td style=\"width: 35.0164%; height: 21px; text-align: center;\">\u9b0d\u9b1a<\/td>\n<td style=\"width: 87.7048%; height: 21px; text-align: center;\">\u00a0<\/td>\n<\/tr>\n<tr style=\"height: 18px;\">\n<td style=\"width: 18.747%; text-align: center; height: 18px;\">mole<\/td>\n<td style=\"width: 35.0164%; text-align: center; height: 18px;\">\u75e3<\/td>\n<td style=\"width: 87.7048%; text-align: center; height: 18px;\">\u00a0<\/td>\n<\/tr>\n<tr style=\"height: 18px;\">\n<td style=\"width: 18.747%; text-align: center; height: 18px;\">\u00a0<\/td>\n<td style=\"width: 35.0164%; text-align: center; height: 18px;\">\n<p class=\"ui header\"><span style=\"font-family: arial, helvetica, sans-serif; font-size: 16px;\">\u5599\u9b1a<\/span><\/p>\n<\/td>\n<td style=\"width: 87.7048%; text-align: center; height: 18px;\">tshu\u00ec-tshiu<\/td>\n<\/tr>\n<tr style=\"height: 18px;\">\n<td style=\"width: 18.747%; text-align: center; height: 18px;\">\u00a0<\/td>\n<td style=\"width: 35.0164%; text-align: center; height: 18px;\">\u00a0<\/td>\n<td style=\"width: 87.7048%; text-align: center; height: 18px;\">\u00a0<\/td>\n<\/tr>\n<tr style=\"height: 18px;\">\n<td style=\"width: 18.747%; text-align: center; height: 18px;\">\u00a0<\/td>\n<td style=\"width: 35.0164%; text-align: center; height: 18px;\">\u00a0<\/td>\n<td style=\"width: 87.7048%; text-align: center; height: 18px;\">\u00a0<\/td>\n<\/tr>\n<tr style=\"height: 18px;\">\n<td style=\"width: 18.747%; text-align: center; height: 18px;\">\u00a0<\/td>\n<td style=\"width: 35.0164%; text-align: center; height: 18px;\">\u00a0<\/td>\n<td style=\"width: 87.7048%; text-align: center; height: 18px;\">\u00a0<\/td>\n<\/tr>\n<tr style=\"height: 18px;\">\n<td style=\"width: 18.747%; text-align: center; height: 18px;\">\u00a0<\/td>\n<td style=\"width: 35.0164%; text-align: center; height: 18px;\">\u00a0<\/td>\n<td style=\"width: 87.7048%; text-align: center; height: 18px;\">\u00a0<\/td>\n<\/tr>\n<tr style=\"height: 18px;\">\n<td style=\"width: 18.747%; text-align: center; height: 18px;\">\u00a0<\/td>\n<td style=\"width: 35.0164%; text-align: center; height: 18px;\">\u00a0<\/td>\n<td style=\"width: 87.7048%; text-align: center; height: 18px;\">\u00a0<\/td>\n<\/tr>\n<\/tbody>\n<\/table>\n<p><!--nextpage--><\/p>\n<p><span style=\"font-size: 16px; font-family: arial, helvetica, sans-serif;\">\u00a0 \u00a0 \u00a0 \u00a0 \u00a0 \u00a0 \u00a0 \u00a0 \u00a0 \u00a0 \u00a0 \u00a0 \u00a0 \u00a0\u00a0<\/span><\/p>\n<p><span style=\"font-family: arial, helvetica, sans-serif; font-size: 16px;\">\u00a0 \u00a0 \u00a0 \u00a0 \u00a0 \u00a0 \u00a0 \u00a0 \u00a0 \u00a0 \u00a0 \u00a0 \u00a0 \u00a0 \u00a0 \u00a0 \u00a0 \u00a0 \u00a0 \u00a0 \u00a0<strong>\u00a0\u00a0 \u00a0 \u00a0 \u00a0 \u00a0 \u00a0 \u00a0 \u00a0 \u00a0 \u00a0 \u00a0 \u00a0 \u00a0<\/strong>\u00a0<\/span><\/p>\n<p>\u00a0<\/p>\n<p><span style=\"font-size: 16px; font-family: arial, helvetica, sans-serif;\">\u00a0 \u00a0 \u00a0 \u00a0 \u00a0 \u00a0 \u00a0 \u00a0 \u00a0 \u00a0\u00a0 \u00a0 \u00a0 \u00a0 \u00a0 \u00a0 \u00a0 \u00a0 \u00a0 \u00a0 \u00a0 \u00a0 \u00a0 \u00a0 \u00a0 \u00a0 \u00a0 \u00a0 \u00a0 \u00a0 \u00a0 \u00a0 \u00a0 \u00a0\u00a0<\/span><\/p>\n<p>\u00a0<\/p>\n<p><span style=\"font-size: 16px; font-family: arial, helvetica, sans-serif;\">\u00a0 \u00a0 \u00a0\u00a0 \u00a0 \u00a0 \u00a0 \u00a0 \u00a0 \u00a0 \u00a0 \u00a0\u00a0 \u00a0 \u00a0 \u00a0 \u00a0 \u00a0 \u00a0 <a id=\"mcegrid91\" class=\"mce-active\" href=\"https:\/\/wendysite.com\/LearnTaiwanese\/wp-admin\/post.php?post=489&amp;action=edit#\" data-mce-x=\"1\" data-mce-y=\"9\"><\/a> \u00a0\u00a0 \u00a0<\/span><\/p>\n<p><span style=\"font-family: arial, helvetica, sans-serif; font-size: 16px;\">\u00a0 \u00a0 \u00a0 \u00a0 \u00a0 \u00a0 \u00a0 \u00a0 \u00a0 \u00a0 \u00a0 \u00a0 \u00a0 \u00a0 \u00a0 \u00a0 \u00a0 \u00a0 \u00a0 \u00a0 \u00a0 \u00a0 \u00a0 \u00a0 \u00a0 \u00a0 \u00a0 \u00a0 \u00a0 \u00a0 \u00a0 \u00a0 \u00a0 \u00a0<\/span><\/p>\n<p>\u00a0<\/p>\n<p><span style=\"font-family: arial, helvetica, sans-serif; font-size: 16px;\">\u00a0 \u00a0 \u00a0\u00a0<\/span><\/p>\n<p>\u00a0<\/p>\n<p>\u00a0<\/p>\n<p>\u00a0 \u00a0 \u00a0 \u00a0 \u00a0 \u00a0 \u00a0 \u00a0 \u00a0 \u00a0 \u00a0 \u00a0 \u00a0 \u00a0 \u00a0 \u00a0 \u00a0 \u00a0 \u00a0 \u00a0 \u00a0 \u00a0 \u00a0 \u00a0 \u00a0 \u00a0 \u00a0 \u00a0 \u00a0 \u00a0 \u00a0 \u00a0 \u00a0 \u00a0 \u00a0 \u00a0 \u00a0 \u00a0 <span style=\"font-family: arial, helvetica, sans-serif;\">\u00a0 \u00a0 \u00a0 \u00a0 \u00a0\u00a0<\/span><\/p>\n<p>\u00a0 \u00a0 \u00a0 \u00a0 \u00a0 \u00a0 \u00a0 \u00a0 \u00a0 \u00a0 \u00a0 \u00a0 \u00a0 \u00a0 \u00a0 \u00a0 \u00a0 \u00a0 \u00a0 \u00a0 \u00a0 \u00a0 \u00a0 \u00a0 \u00a0 \u00a0 \u00a0 \u00a0 \u00a0 \u00a0 \u00a0 \u00a0 \u00a0 \u00a0 \u00a0 \u00a0 \u00a0 \u00a0 \u00a0 \u00a0 \u00a0 \u00a0<\/p>\n<\/div><\/div>\n","protected":false},"excerpt":{"rendered":"<p>English translation into Chinese and Taiwanese &nbsp; \u00a0 &hellip; <a href=\"https:\/\/wendysite.com\/LearnTaiwanese\/body-vocabulary\/\" class=\"more-link\">\u95b1\u8b80\u5168\u6587 <span class=\"screen-reader-text\">body  vocabulary<\/span> <span class=\"meta-nav\">&rarr;<\/span><\/a><\/p>\n","protected":false},"author":1,"featured_media":0,"parent":0,"menu_order":0,"comment_status":"closed","ping_status":"closed","template":"page-templates\/full-width.php","meta":{"_bbp_topic_count":0,"_bbp_reply_count":0,"_bbp_total_topic_count":0,"_bbp_total_reply_count":0,"_bbp_voice_count":0,"_bbp_anonymous_reply_count":0,"_bbp_topic_count_hidden":0,"_bbp_reply_count_hidden":0,"_bbp_forum_subforum_count":0,"footnotes":""},"class_list":["post-489","page","type-page","status-publish","hentry"],"_links":{"self":[{"href":"https:\/\/wendysite.com\/LearnTaiwanese\/wp-json\/wp\/v2\/pages\/489","targetHints":{"allow":["GET"]}}],"collection":[{"href":"https:\/\/wendysite.com\/LearnTaiwanese\/wp-json\/wp\/v2\/pages"}],"about":[{"href":"https:\/\/wendysite.com\/LearnTaiwanese\/wp-json\/wp\/v2\/types\/page"}],"author":[{"embeddable":true,"href":"https:\/\/wendysite.com\/LearnTaiwanese\/wp-json\/wp\/v2\/users\/1"}],"replies":[{"embeddable":true,"href":"https:\/\/wendysite.com\/LearnTaiwanese\/wp-json\/wp\/v2\/comments?post=489"}],"version-history":[{"count":222,"href":"https:\/\/wendysite.com\/LearnTaiwanese\/wp-json\/wp\/v2\/pages\/489\/revisions"}],"predecessor-version":[{"id":4210,"href":"https:\/\/wendysite.com\/LearnTaiwanese\/wp-json\/wp\/v2\/pages\/489\/revisions\/4210"}],"wp:attachment":[{"href":"https:\/\/wendysite.com\/LearnTaiwanese\/wp-json\/wp\/v2\/media?parent=489"}],"curies":[{"name":"wp","href":"https:\/\/api.w.org\/{rel}","templated":true}]}}